{"id":103,"date":"2017-12-18T16:03:16","date_gmt":"2017-12-18T15:03:16","guid":{"rendered":"http:\/\/www.bootshandel-online.de\/?page_id=103"},"modified":"2022-05-30T11:52:13","modified_gmt":"2022-05-30T09:52:13","slug":"wittow-520","status":"publish","type":"page","link":"https:\/\/www.bootshandel-online.de\/?page_id=103","title":{"rendered":"Wittow 520"},"content":{"rendered":"<p>Motorboot WITTOW 520<\/p>\n<p>Design by SDS<\/p>\n<p><img loading=\"lazy\" class=\"size-medium wp-image-105 aligncenter\" src=\"http:\/\/www.bootshandel-online.de\/wp-content\/uploads\/2017\/12\/wsb_400x260_wittow5201-300x195.jpg\" alt=\"\" width=\"300\" height=\"195\" srcset=\"https:\/\/www.bootshandel-online.de\/wp-content\/uploads\/2017\/12\/wsb_400x260_wittow5201-300x195.jpg 300w, https:\/\/www.bootshandel-online.de\/wp-content\/uploads\/2017\/12\/wsb_400x260_wittow5201.jpg 400w\" sizes=\"(max-width: 300px) 100vw, 300px\" \/><\/p>\n<p>Gute Fahreigenschaften haben die Boote der Wittow-Serie bei Fischern und Anglern sehr beliebt gemacht. Die WITTOW 520 ist ein offenes Motorboot, das f\u00fcr die Kategorie C &#8211; K\u00fcstennahe Gew\u00e4sser &#8211; entworfen wurde. Sie ist ein robustes, trailerbares Boot mit Au\u00dfenbordmotorisierung bis 90 PS.<\/p>\n<p><img loading=\"lazy\" class=\"size-medium wp-image-107 aligncenter\" src=\"http:\/\/www.bootshandel-online.de\/wp-content\/uploads\/2017\/12\/wsb_356x260_wittow5202-300x219.jpg\" alt=\"\" width=\"300\" height=\"219\" srcset=\"https:\/\/www.bootshandel-online.de\/wp-content\/uploads\/2017\/12\/wsb_356x260_wittow5202-300x219.jpg 300w, https:\/\/www.bootshandel-online.de\/wp-content\/uploads\/2017\/12\/wsb_356x260_wittow5202.jpg 356w\" sizes=\"(max-width: 300px) 100vw, 300px\" \/><\/p>\n<p>Hauptabmessungen<\/p>\n<ul>\n<li>L\u00e4nge 5,18 m<\/li>\n<li>Breite 2,11 m<\/li>\n<li>Tiefgang 0,25 m<\/li>\n<li>Leermasse ca. 500 kg<\/li>\n<li>Seitenh\u00f6he 0,77 m<\/li>\n<li>Maximale Tragf\u00e4higkeit 700 kg<\/li>\n<li>Maximale Personenzahl &#8211; 7 Personen<\/li>\n<li>Maximale Motorisierung 66 kW<\/li>\n<\/ul>\n<p>Entwurfskategorie C<\/p>\n<p>Der GFK-Rumpf ist im Handauflegeverfahren laminiert und durch seine spezielle Form bestens f\u00fcr die rauhen Bedingungen der K\u00fcste geeignet. Die WITTOW 520 hat einen gesch\u00fctzten festen Steuerstand mit Windschutzscheibe.<\/p>\n<p>Durch verschiedene zus\u00e4tzliche Einbauten, wie z.Bsp. eine lange Staukiste in der Mitte f\u00fcr Angelruten und Zubeh\u00f6r, ist das Boot vielseitig einsetzbar.<\/p>\n<p>Zusatzausstattung<\/p>\n<ul>\n<li>Steuerstand mit Aufsatz<\/li>\n<li>Steuerrad mit Steuerkabel<\/li>\n<li>Windschutz f\u00fcr Steuerstand mit Vorrichtung Beleuchtung<\/li>\n<li>Reling mit Einstiegshilfe<\/li>\n<li>Beleuchtungssatz (Seitenlaternen und Rundumlicht mit Schalter)<\/li>\n<li>Staukiste, verriegelbar<\/li>\n<li>Trailer, Nutzlast 1.010 kg, gebremst<\/li>\n<\/ul>\n<p><img loading=\"lazy\" class=\"size-medium wp-image-109 aligncenter\" src=\"http:\/\/www.bootshandel-online.de\/wp-content\/uploads\/2017\/12\/wsb_300x422_wittow5203-213x300.jpg\" alt=\"\" width=\"213\" height=\"300\" srcset=\"https:\/\/www.bootshandel-online.de\/wp-content\/uploads\/2017\/12\/wsb_300x422_wittow5203-213x300.jpg 213w, https:\/\/www.bootshandel-online.de\/wp-content\/uploads\/2017\/12\/wsb_300x422_wittow5203.jpg 300w\" sizes=\"(max-width: 213px) 100vw, 213px\" \/><\/p>\n<div>Im Zuge der technischen Weiterentwicklung behalten wir uns \u00c4nderungen vor. Abbildungen und Beschreibungen begr\u00fcnden keine Anspr\u00fcche.<\/div>\n<div><\/div>\n<p><a href=\"http:\/\/www.bootshandel-online.de\/wp-content\/uploads\/2022\/05\/prosp.wittow520.pdf\" target=\"_blank\" rel=\"noopener\">Flyer zum Ausdrucken<\/a><\/p>\n<p><a href=\"http:\/\/www.bootshandel-online.de\/wp-content\/uploads\/2022\/05\/Ang.Wittow520.pdf\" target=\"_blank\" rel=\"noopener\">Angebotsanfrage zum Ausdrucken<\/a><\/p>\n<p><a href=\"http:\/\/www.bootshandel-online.de\/?page_id=264\">Online-Angebotsanfrage<\/a><\/p>\n","protected":false},"excerpt":{"rendered":"<div class=\"slide-text-bg2\"><span>Motorboot WITTOW 520 Design by SDS Gute Fahreigenschaften haben die Boote der Wittow-Serie bei Fischern und Anglern sehr beliebt gemacht. Die WITTOW 520 is<\/span><\/div>\n<div class=\"slide-btn-area-sm\"><a href=\"https:\/\/www.bootshandel-online.de\/?page_id=103\" class=\"slide-btn-sm\">weiterlesen<\/a><\/div>\n","protected":false},"author":1,"featured_media":0,"parent":0,"menu_order":0,"comment_status":"closed","ping_status":"closed","template":"","meta":[],"_links":{"self":[{"href":"https:\/\/www.bootshandel-online.de\/index.php?rest_route=\/wp\/v2\/pages\/103"}],"collection":[{"href":"https:\/\/www.bootshandel-online.de\/index.php?rest_route=\/wp\/v2\/pages"}],"about":[{"href":"https:\/\/www.bootshandel-online.de\/index.php?rest_route=\/wp\/v2\/types\/page"}],"author":[{"embeddable":true,"href":"https:\/\/www.bootshandel-online.de\/index.php?rest_route=\/wp\/v2\/users\/1"}],"replies":[{"embeddable":true,"href":"https:\/\/www.bootshandel-online.de\/index.php?rest_route=%2Fwp%2Fv2%2Fcomments&post=103"}],"version-history":[{"count":15,"href":"https:\/\/www.bootshandel-online.de\/index.php?rest_route=\/wp\/v2\/pages\/103\/revisions"}],"predecessor-version":[{"id":594,"href":"https:\/\/www.bootshandel-online.de\/index.php?rest_route=\/wp\/v2\/pages\/103\/revisions\/594"}],"wp:attachment":[{"href":"https:\/\/www.bootshandel-online.de\/index.php?rest_route=%2Fwp%2Fv2%2Fmedia&parent=103"}],"curies":[{"name":"wp","href":"https:\/\/api.w.org\/{rel}","templated":true}]}}