{"id":121,"date":"2017-12-18T16:15:38","date_gmt":"2017-12-18T15:15:38","guid":{"rendered":"http:\/\/www.bootshandel-online.de\/?page_id=121"},"modified":"2026-04-28T11:23:23","modified_gmt":"2026-04-28T09:23:23","slug":"kutter-zk-10","status":"publish","type":"page","link":"https:\/\/www.bootshandel-online.de\/?page_id=121","title":{"rendered":"Kutter ZK-10\/W"},"content":{"rendered":"<p>Kutter ZK-10\/W<\/p>\n<p>Seit Mitte der 60-er Jahre ist der ZK-10 das ideale Boot f\u00fcr die erlebnisorientierte Jugendfreizeit. Vorwiegend in Vereinen f\u00fcr die Jugendarbeit im Einsatz, bietet der ZK-10 heute weitaus mehr Einsatzm\u00f6glichkeiten f\u00fcr alle, die Segeln pur erleben wollen, das Teamerlebnis sch\u00e4tzen oder auch nur die robusten Eigenschaften des Bootes im See- und Binnenbereich nutzen wollen.<\/p>\n<p>Nach \u00fcber zehnj\u00e4hriger Pause wurde der Ruder- und Segelkutter bis 2022 weitergebaut. Mit mehr als 40 Jahren Erfahrung im Einsatz dieser Bootsklasse, modernen Materialien und der Treue zum Original ist ein Boot entstanden, das sich \u00e4u\u00dferlich von seinem Vorg\u00e4nger nicht unterschiedet, nun aber modernsten Anforderungen gen\u00fcgt &#8211; der ZK-10\/W.<\/p>\n<p><img loading=\"lazy\" class=\"size-medium wp-image-122 aligncenter\" src=\"http:\/\/www.bootshandel-online.de\/wp-content\/uploads\/2017\/12\/webkutter01-300x225.jpg\" alt=\"\" width=\"300\" height=\"225\" \/><\/p>\n<p>Hauptabmessungen<\/p>\n<ul>\n<li>L\u00e4nge 7,50 m<\/li>\n<li>Breit 2,15 m<\/li>\n<li>Tiefgang ohne Schwert 0,49 m<\/li>\n<li>Tiefgang mit Schwert 1,56 m<\/li>\n<li>Leergewicht 1.040 kg<\/li>\n<li>Gesamth\u00f6he \u00fcber Gaffeltop ca. 7,0 m<\/li>\n<\/ul>\n<p><img loading=\"lazy\" class=\"size-medium wp-image-123 aligncenter\" src=\"http:\/\/www.bootshandel-online.de\/wp-content\/uploads\/2017\/12\/wsb_400x238_kutterzk102-300x179.jpg\" alt=\"\" width=\"300\" height=\"179\" srcset=\"https:\/\/www.bootshandel-online.de\/wp-content\/uploads\/2017\/12\/wsb_400x238_kutterzk102-300x179.jpg 300w, https:\/\/www.bootshandel-online.de\/wp-content\/uploads\/2017\/12\/wsb_400x238_kutterzk102.jpg 400w\" sizes=\"(max-width: 300px) 100vw, 300px\" \/><\/p>\n<p>Takelage<\/p>\n<ul>\n<li>Genua 8,43 qm<\/li>\n<li>Fock 6,72 qm<\/li>\n<li>Gro\u00dfsegel 9,89 qm<\/li>\n<li>Besansegel 6,28 qm<\/li>\n<li>Spinnaker 22,00 qm<\/li>\n<\/ul>\n<p>Technische Ausstattung<\/p>\n<ul>\n<li>Durchholwinsch<\/li>\n<li>Fockschotschienen<\/li>\n<li>Unsinkbar durch zus\u00e4tzliches Auftriebsvolumen<\/li>\n<li>F\u00fcr Au\u00dfenbordmotoren bis 15 PS geeignet<\/li>\n<\/ul>\n<p>Einsatzbereich<\/p>\n<ul>\n<li>Entwurfskategorie \u201eC\u201c \u2013 K\u00fcstennahe Gew\u00e4sser<\/li>\n<\/ul>\n<p>Im Sinne des Erhaltes dieser interessanten Bootsklasse sind die Ersatz- und Zubeh\u00f6rteile weiterhin lieferbar.\u00a0<\/p>\n<p><a href=\"http:\/\/www.bootshandel-online.de\/wp-content\/uploads\/2017\/12\/kutter_zk10w.pdf\" target=\"_blank\" rel=\"noopener\"><img loading=\"lazy\" class=\"size-full wp-image-124 alignnone\" src=\"http:\/\/www.bootshandel-online.de\/wp-content\/uploads\/2017\/12\/kutterzk104.jpg\" alt=\"\" width=\"194\" height=\"248\" \/><\/a><\/p>\n<p>Im Zuge der technischen Weiterentwicklung behalten wir uns \u00c4nderungen vor. Abbildungen und Beschreibungen begr\u00fcnden keine Anspr\u00fcche.<\/p>\n<p><a href=\"https:\/\/www.bootshandel-online.de\/wp-content\/uploads\/2023\/05\/BestellungKutterzubehoerWB.pdf\" data-wplink-edit=\"true\">Angebotsanfrage zum Ausdrucken<\/a><\/p>\n<p><a href=\"http:\/\/www.bootshandel-online.de\/?page_id=272\">Online-Angebotsanfrage<\/a><\/p>\n\n\n<p><\/p>\n","protected":false},"excerpt":{"rendered":"<div class=\"slide-text-bg2\"><span>Kutter ZK-10\/W Seit Mitte der 60-er Jahre ist der ZK-10 das ideale Boot f\u00fcr die erlebnisorientierte Jugendfreizeit. Vorwiegend in Vereinen f\u00fcr die Jugend<\/span><\/div>\n<div class=\"slide-btn-area-sm\"><a href=\"https:\/\/www.bootshandel-online.de\/?page_id=121\" class=\"slide-btn-sm\">weiterlesen<\/a><\/div>\n","protected":false},"author":1,"featured_media":0,"parent":0,"menu_order":0,"comment_status":"closed","ping_status":"closed","template":"","meta":[],"_links":{"self":[{"href":"https:\/\/www.bootshandel-online.de\/index.php?rest_route=\/wp\/v2\/pages\/121"}],"collection":[{"href":"https:\/\/www.bootshandel-online.de\/index.php?rest_route=\/wp\/v2\/pages"}],"about":[{"href":"https:\/\/www.bootshandel-online.de\/index.php?rest_route=\/wp\/v2\/types\/page"}],"author":[{"embeddable":true,"href":"https:\/\/www.bootshandel-online.de\/index.php?rest_route=\/wp\/v2\/users\/1"}],"replies":[{"embeddable":true,"href":"https:\/\/www.bootshandel-online.de\/index.php?rest_route=%2Fwp%2Fv2%2Fcomments&post=121"}],"version-history":[{"count":36,"href":"https:\/\/www.bootshandel-online.de\/index.php?rest_route=\/wp\/v2\/pages\/121\/revisions"}],"predecessor-version":[{"id":647,"href":"https:\/\/www.bootshandel-online.de\/index.php?rest_route=\/wp\/v2\/pages\/121\/revisions\/647"}],"wp:attachment":[{"href":"https:\/\/www.bootshandel-online.de\/index.php?rest_route=%2Fwp%2Fv2%2Fmedia&parent=121"}],"curies":[{"name":"wp","href":"https:\/\/api.w.org\/{rel}","templated":true}]}}