{"id":15,"date":"2017-12-17T22:30:58","date_gmt":"2017-12-17T21:30:58","guid":{"rendered":"http:\/\/www.bootshandel-online.de\/?page_id=15"},"modified":"2022-05-30T17:19:14","modified_gmt":"2022-05-30T15:19:14","slug":"startseite","status":"publish","type":"page","link":"https:\/\/www.bootshandel-online.de\/","title":{"rendered":"Bootshandel"},"content":{"rendered":"<p>Ob Kaj\u00fct-R\u00fcgenjolle, Kombiboot, Arkonaboot, Anka, Kutter ZK-10\/W oder unsere neuen Motorboote der Wittow-Serie, hier finden Sie genau das richtige Angebot an Neubooten f\u00fcr Sie. Die Wieker Boote GmbH bietet Ihnen einen Einblick in ihr Produktionssortiment sowie das Handelsangebot einer kleinen, jedoch erfahrenen und kompetenten Bootswerft im GFK-Bau auf R\u00fcgen.<\/p>\n<p>W\u00fcnschen Sie ein Angebot, mehr Informationen oder m\u00f6chten Sie eines unserer bew\u00e4hrten Qualit\u00e4tsprodukte erwerben, wir stehen Ihnen gerne zur Verf\u00fcgung.<\/p>\n\n\n<p>Ihr Bootshandel-Online-Team der<\/p>\n\n\n\n<p>Wieker Boote GmbH<\/p>\n","protected":false},"excerpt":{"rendered":"<div class=\"slide-text-bg2\"><span>Ob Kaj\u00fct-R\u00fcgenjolle, Kombiboot, Arkonaboot, Anka, Kutter ZK-10\/W oder unsere neuen Motorboote der Wittow-Serie, hier finden Sie genau das richtige Angebo<\/span><\/div>\n<div class=\"slide-btn-area-sm\"><a href=\"https:\/\/www.bootshandel-online.de\/\" class=\"slide-btn-sm\">weiterlesen<\/a><\/div>\n","protected":false},"author":1,"featured_media":0,"parent":0,"menu_order":0,"comment_status":"closed","ping_status":"closed","template":"fullwidth.php","meta":[],"_links":{"self":[{"href":"https:\/\/www.bootshandel-online.de\/index.php?rest_route=\/wp\/v2\/pages\/15"}],"collection":[{"href":"https:\/\/www.bootshandel-online.de\/index.php?rest_route=\/wp\/v2\/pages"}],"about":[{"href":"https:\/\/www.bootshandel-online.de\/index.php?rest_route=\/wp\/v2\/types\/page"}],"author":[{"embeddable":true,"href":"https:\/\/www.bootshandel-online.de\/index.php?rest_route=\/wp\/v2\/users\/1"}],"replies":[{"embeddable":true,"href":"https:\/\/www.bootshandel-online.de\/index.php?rest_route=%2Fwp%2Fv2%2Fcomments&post=15"}],"version-history":[{"count":16,"href":"https:\/\/www.bootshandel-online.de\/index.php?rest_route=\/wp\/v2\/pages\/15\/revisions"}],"predecessor-version":[{"id":648,"href":"https:\/\/www.bootshandel-online.de\/index.php?rest_route=\/wp\/v2\/pages\/15\/revisions\/648"}],"wp:attachment":[{"href":"https:\/\/www.bootshandel-online.de\/index.php?rest_route=%2Fwp%2Fv2%2Fmedia&parent=15"}],"curies":[{"name":"wp","href":"https:\/\/api.w.org\/{rel}","templated":true}]}}