{"id":2,"date":"2017-12-14T13:45:36","date_gmt":"2017-12-14T12:45:36","guid":{"rendered":"http:\/\/www.bootshandel-online.de\/?page_id=2"},"modified":"2022-05-30T11:30:20","modified_gmt":"2022-05-30T09:30:20","slug":"beispiel-seite","status":"publish","type":"page","link":"https:\/\/www.bootshandel-online.de\/?page_id=2","title":{"rendered":"Wir \u00fcber uns"},"content":{"rendered":"<p><strong>Wieker Boote GmbH<\/strong><\/p>\n<p>Die Wieker Boote GmbH ist eine Traditionswerft der Insel R\u00fcgen, direkt im Hafen des kleinen Ortes Wiek. Mit der langj\u00e4hrigen Spezialisierung und der Erfahrung von 45 Jahren Polyester-Bootsbau begr\u00fcndet sich die besondere Fachkompetenz bei Neubau und Reparatur von Berufs- und Freizeitbooten.<\/p>\n<p>Wieker Boote GmbH<br \/>Am Hafen 1<br \/>D 18 556 Wiek\/R\u00fcgen<\/p>\n<p>Phone\u00a0\u00a0\u00a0 +49 38 391 70 462<br \/>Fax\u00a0\u00a0\u00a0\u00a0\u00a0\u00a0\u00a0 +49 38 391 70 765<\/p>\n<p>Mail\u00a0\u00a0\u00a0\u00a0\u00a0\u00a0\u00a0 <a href=\"mailto:info@wiekerboote.de\" target=\"_blank\" rel=\"noopener\">info@wiekerboote.de\u00a0<\/a><br \/>Web\u00a0\u00a0\u00a0\u00a0\u00a0\u00a0\u00a0 <a href=\"http:\/\/www.wiekerboote.de\" target=\"_blank\" rel=\"noopener\">www.wiekerboote.de<\/a><\/p>\n\n\n<p><\/p>\n","protected":false},"excerpt":{"rendered":"<div class=\"slide-text-bg2\"><span>Wieker Boote GmbH Die Wieker Boote GmbH ist eine Traditionswerft der Insel R\u00fcgen, direkt im Hafen des kleinen Ortes Wiek. Mit der langj\u00e4hrigen Spezialisi<\/span><\/div>\n<div class=\"slide-btn-area-sm\"><a href=\"https:\/\/www.bootshandel-online.de\/?page_id=2\" class=\"slide-btn-sm\">weiterlesen<\/a><\/div>\n","protected":false},"author":1,"featured_media":0,"parent":0,"menu_order":0,"comment_status":"closed","ping_status":"open","template":"","meta":[],"_links":{"self":[{"href":"https:\/\/www.bootshandel-online.de\/index.php?rest_route=\/wp\/v2\/pages\/2"}],"collection":[{"href":"https:\/\/www.bootshandel-online.de\/index.php?rest_route=\/wp\/v2\/pages"}],"about":[{"href":"https:\/\/www.bootshandel-online.de\/index.php?rest_route=\/wp\/v2\/types\/page"}],"author":[{"embeddable":true,"href":"https:\/\/www.bootshandel-online.de\/index.php?rest_route=\/wp\/v2\/users\/1"}],"replies":[{"embeddable":true,"href":"https:\/\/www.bootshandel-online.de\/index.php?rest_route=%2Fwp%2Fv2%2Fcomments&post=2"}],"version-history":[{"count":3,"href":"https:\/\/www.bootshandel-online.de\/index.php?rest_route=\/wp\/v2\/pages\/2\/revisions"}],"predecessor-version":[{"id":584,"href":"https:\/\/www.bootshandel-online.de\/index.php?rest_route=\/wp\/v2\/pages\/2\/revisions\/584"}],"wp:attachment":[{"href":"https:\/\/www.bootshandel-online.de\/index.php?rest_route=%2Fwp%2Fv2%2Fmedia&parent=2"}],"curies":[{"name":"wp","href":"https:\/\/api.w.org\/{rel}","templated":true}]}}