{"id":41,"date":"2017-12-18T15:12:51","date_gmt":"2017-12-18T14:12:51","guid":{"rendered":"http:\/\/www.bootshandel-online.de\/?page_id=41"},"modified":"2022-05-30T17:12:31","modified_gmt":"2022-05-30T15:12:31","slug":"kontakt","status":"publish","type":"page","link":"https:\/\/www.bootshandel-online.de\/?page_id=41","title":{"rendered":"Kontakt"},"content":{"rendered":"<p>Wieker Boote GmbH<\/p>\n<p>Heike Spiering<\/p>\n<p>Am Hafen 1<br \/>\nD &#8211; 18 556 Wiek\/R\u00fcgen<\/p>\n<p>Mail to : <a href=\"mailto:info@wiekerboote.de\" target=\"_blank\" rel=\"noopener\">info@wiekerboote.de<\/a><\/p>\n<p>Webseite : <a href=\"http:\/\/www.wiekerboote.de\" target=\"_blank\" rel=\"noopener\">www.wiekerboote.de<\/a><\/p>\n<p>Phone : +49 38391 70462<\/p>\n<p>Vielen Dank f\u00fcr Ihren Besuch auf unseren Seiten.<\/p>\n<p>F\u00fcr unsere Kunden sind wir viel unterwegs und falls Sie uns einmal nicht im B\u00fcro erreichen, stehen wir Ihnen nat\u00fcrlich trotzdem immer zur Verf\u00fcgung. Senden Sie uns eine Mail, mit der Bitte um R\u00fcckruf &#8211; wir werden Sie bestimmt nicht entt\u00e4uschen.<\/p>\n","protected":false},"excerpt":{"rendered":"<div class=\"slide-text-bg2\"><span>Wieker Boote GmbH Heike Spiering Am Hafen 1 D &#8211; 18 556 Wiek\/R\u00fcgen Mail to : info@wiekerboote.de Webseite : www.wiekerboote.de Phone : +49 38391 7046<\/span><\/div>\n<div class=\"slide-btn-area-sm\"><a href=\"https:\/\/www.bootshandel-online.de\/?page_id=41\" class=\"slide-btn-sm\">weiterlesen<\/a><\/div>\n","protected":false},"author":1,"featured_media":0,"parent":0,"menu_order":0,"comment_status":"closed","ping_status":"closed","template":"fullwidth.php","meta":[],"_links":{"self":[{"href":"https:\/\/www.bootshandel-online.de\/index.php?rest_route=\/wp\/v2\/pages\/41"}],"collection":[{"href":"https:\/\/www.bootshandel-online.de\/index.php?rest_route=\/wp\/v2\/pages"}],"about":[{"href":"https:\/\/www.bootshandel-online.de\/index.php?rest_route=\/wp\/v2\/types\/page"}],"author":[{"embeddable":true,"href":"https:\/\/www.bootshandel-online.de\/index.php?rest_route=\/wp\/v2\/users\/1"}],"replies":[{"embeddable":true,"href":"https:\/\/www.bootshandel-online.de\/index.php?rest_route=%2Fwp%2Fv2%2Fcomments&post=41"}],"version-history":[{"count":6,"href":"https:\/\/www.bootshandel-online.de\/index.php?rest_route=\/wp\/v2\/pages\/41\/revisions"}],"predecessor-version":[{"id":602,"href":"https:\/\/www.bootshandel-online.de\/index.php?rest_route=\/wp\/v2\/pages\/41\/revisions\/602"}],"wp:attachment":[{"href":"https:\/\/www.bootshandel-online.de\/index.php?rest_route=%2Fwp%2Fv2%2Fmedia&parent=41"}],"curies":[{"name":"wp","href":"https:\/\/api.w.org\/{rel}","templated":true}]}}