{"id":52,"date":"2017-12-18T15:25:37","date_gmt":"2017-12-18T14:25:37","guid":{"rendered":"http:\/\/www.bootshandel-online.de\/?page_id=52"},"modified":"2022-05-30T11:25:48","modified_gmt":"2022-05-30T09:25:48","slug":"ruderboot-anka","status":"publish","type":"page","link":"https:\/\/www.bootshandel-online.de\/?page_id=52","title":{"rendered":"Ruderboot Anka"},"content":{"rendered":"<p>Ruderboot ANKA<\/p>\n<p>Das Ruderboot ANKA aus glasfaserverst\u00e4rktem Kunststoff (GFK) ist ein sicheres, vielseitig einsatzbares und seit Jahren\u00a0 beliebtes Ruderboot.<\/p>\n<p><img loading=\"lazy\" class=\"size-medium wp-image-50 aligncenter\" src=\"http:\/\/www.bootshandel-online.de\/wp-content\/uploads\/2017\/12\/wsb_400x227_anka1-300x170.jpg\" alt=\"\" width=\"300\" height=\"170\" srcset=\"https:\/\/www.bootshandel-online.de\/wp-content\/uploads\/2017\/12\/wsb_400x227_anka1-300x170.jpg 300w, https:\/\/www.bootshandel-online.de\/wp-content\/uploads\/2017\/12\/wsb_400x227_anka1.jpg 400w\" sizes=\"(max-width: 300px) 100vw, 300px\" \/><\/p>\n<p>Hauptabmessungen<\/p>\n<ul>\n<li>L\u00e4nge 4,20 m<\/li>\n<li>Breite 1,40 m<\/li>\n<li>Gewicht ca. 90 kg<\/li>\n<li>Zul\u00e4ssige Belastung- 4 Personen \/ 340 kg<\/li>\n<\/ul>\n<p>Ausstattung<\/p>\n<ul>\n<li>mit Einlegeboden 3-teilig<\/li>\n<\/ul>\n<p>Entwurfskategorie D<\/p>\n<p>Motorisierung max 6 PS<\/p>\n<p>Zubeh\u00f6r<\/p>\n<ul>\n<li>Bootsriemen 2,40 m oder 2,70 m (Paar)<\/li>\n<li>Rudermanschetten (Paar)<\/li>\n<li>Rudergabeln (Paar)<\/li>\n<li>Spiegelschutz Kunststoff<\/li>\n<li>Motorbrett<\/li>\n<li>Bootsplane mit Teleskopest\u00fctze<\/li>\n<li>Holzeinlegefu\u00dfboden 3-teilig<\/li>\n<li>Trailer 350 kg NL<\/li>\n<li>Au\u00dfenbordmotor<\/li>\n<\/ul>\n<p><img loading=\"lazy\" class=\"size-medium wp-image-54 aligncenter\" src=\"http:\/\/www.bootshandel-online.de\/wp-content\/uploads\/2017\/12\/wsb_400x243_anka2-300x182.jpg\" alt=\"\" width=\"300\" height=\"182\" srcset=\"https:\/\/www.bootshandel-online.de\/wp-content\/uploads\/2017\/12\/wsb_400x243_anka2-300x182.jpg 300w, https:\/\/www.bootshandel-online.de\/wp-content\/uploads\/2017\/12\/wsb_400x243_anka2.jpg 400w\" sizes=\"(max-width: 300px) 100vw, 300px\" \/><\/p>\n<p>Im Zuge der technischen Weiterentwicklung behalten wir uns \u00c4nderungen vor. Abbildungen und Beschreibungen begr\u00fcnden keine Anspr\u00fcche.<\/p>\n<p><a href=\"http:\/\/www.bootshandel-online.de\/wp-content\/uploads\/2022\/05\/prosp.anka.pdf\" target=\"_blank\" rel=\"noopener noreferrer\">Flyer zum Ausdrucken<\/a><\/p>\n<p><a href=\"http:\/\/www.bootshandel-online.de\/wp-content\/uploads\/2022\/05\/Ang.ANKA_.pdf\" target=\"_blank\" rel=\"noopener noreferrer\">Angebotsanfrage zum Ausdrucken<\/a><\/p>\n<p><a href=\"http:\/\/www.bootshandel-online.de\/?page_id=234\">Online-Angebotsanfrage<\/a><\/p>\n\n\n<p><\/p>\n","protected":false},"excerpt":{"rendered":"<div class=\"slide-text-bg2\"><span>Ruderboot ANKA Das Ruderboot ANKA aus glasfaserverst\u00e4rktem Kunststoff (GFK) ist ein sicheres, vielseitig einsatzbares und seit Jahren\u00a0 beliebtes Ruderboo<\/span><\/div>\n<div class=\"slide-btn-area-sm\"><a href=\"https:\/\/www.bootshandel-online.de\/?page_id=52\" class=\"slide-btn-sm\">weiterlesen<\/a><\/div>\n","protected":false},"author":1,"featured_media":0,"parent":0,"menu_order":0,"comment_status":"closed","ping_status":"closed","template":"","meta":[],"_links":{"self":[{"href":"https:\/\/www.bootshandel-online.de\/index.php?rest_route=\/wp\/v2\/pages\/52"}],"collection":[{"href":"https:\/\/www.bootshandel-online.de\/index.php?rest_route=\/wp\/v2\/pages"}],"about":[{"href":"https:\/\/www.bootshandel-online.de\/index.php?rest_route=\/wp\/v2\/types\/page"}],"author":[{"embeddable":true,"href":"https:\/\/www.bootshandel-online.de\/index.php?rest_route=\/wp\/v2\/users\/1"}],"replies":[{"embeddable":true,"href":"https:\/\/www.bootshandel-online.de\/index.php?rest_route=%2Fwp%2Fv2%2Fcomments&post=52"}],"version-history":[{"count":19,"href":"https:\/\/www.bootshandel-online.de\/index.php?rest_route=\/wp\/v2\/pages\/52\/revisions"}],"predecessor-version":[{"id":578,"href":"https:\/\/www.bootshandel-online.de\/index.php?rest_route=\/wp\/v2\/pages\/52\/revisions\/578"}],"wp:attachment":[{"href":"https:\/\/www.bootshandel-online.de\/index.php?rest_route=%2Fwp%2Fv2%2Fmedia&parent=52"}],"curies":[{"name":"wp","href":"https:\/\/api.w.org\/{rel}","templated":true}]}}