{"id":60,"date":"2017-12-18T15:31:29","date_gmt":"2017-12-18T14:31:29","guid":{"rendered":"http:\/\/www.bootshandel-online.de\/?page_id=60"},"modified":"2022-05-30T11:27:53","modified_gmt":"2022-05-30T09:27:53","slug":"ruderboot-arkona","status":"publish","type":"page","link":"https:\/\/www.bootshandel-online.de\/?page_id=60","title":{"rendered":"Ruderboot Arkona"},"content":{"rendered":"<p>Ruderboot ARKONA<\/p>\n<p>Die ARKONA-Boote wurden als Freizeitboote f\u00fcr den Gebrauch im rauen Wasser des K\u00fcstenbereiches und gro\u00dfer Binnenseen entwickelt. Abmessung und Form der Boote gew\u00e4hrleisten optimale Fahreigenschaften sowohl beim Rudern als auch bei der Benutzung von Au\u00dfenbordmotoren bis 10 kW Nennleistung.<\/p>\n<p><img loading=\"lazy\" class=\"size-medium wp-image-63 aligncenter\" src=\"http:\/\/www.bootshandel-online.de\/wp-content\/uploads\/2017\/12\/arkona3-300x165.jpg\" alt=\"\" width=\"300\" height=\"165\" srcset=\"https:\/\/www.bootshandel-online.de\/wp-content\/uploads\/2017\/12\/arkona3-300x165.jpg 300w, https:\/\/www.bootshandel-online.de\/wp-content\/uploads\/2017\/12\/arkona3.jpg 315w\" sizes=\"(max-width: 300px) 100vw, 300px\" \/><\/p>\n<p>Der Bootsrumpf hat im letzten Drittel einen doppelkielig auslaufenden Bootsboden. Dadurch erhalten die Boote eine sehr hohe Lagestabilit\u00e4t und hervorragende Gleitf\u00e4higkeit.<\/p>\n<p><img loading=\"lazy\" class=\"size-medium wp-image-62 aligncenter\" src=\"http:\/\/www.bootshandel-online.de\/wp-content\/uploads\/2017\/12\/arkona2-300x168.jpg\" alt=\"\" width=\"300\" height=\"168\" srcset=\"https:\/\/www.bootshandel-online.de\/wp-content\/uploads\/2017\/12\/arkona2-300x168.jpg 300w, https:\/\/www.bootshandel-online.de\/wp-content\/uploads\/2017\/12\/arkona2.jpg 323w\" sizes=\"(max-width: 300px) 100vw, 300px\" \/><\/p>\n<p>Windschutzaufs\u00e4tze und entsprechende Persenning sind nachr\u00fcstbar, ebenso ein Steuerstand, ein Staukasten, der passende Motor und Trailer.<\/p>\n<p>ARKONA<\/p>\n<p>ist in zweischaliger Bauweise mit verschlie\u00dfbarem Tankraum im Heck, verschlie\u00dfbaren Stauraum im Bug und Mittelducht gebaut.<\/p>\n<p><img loading=\"lazy\" class=\"size-medium wp-image-61 aligncenter\" src=\"http:\/\/www.bootshandel-online.de\/wp-content\/uploads\/2017\/12\/wsb_399x203_arkona1-300x153.jpg\" alt=\"\" width=\"300\" height=\"153\" srcset=\"https:\/\/www.bootshandel-online.de\/wp-content\/uploads\/2017\/12\/wsb_399x203_arkona1-300x153.jpg 300w, https:\/\/www.bootshandel-online.de\/wp-content\/uploads\/2017\/12\/wsb_399x203_arkona1.jpg 399w\" sizes=\"(max-width: 300px) 100vw, 300px\" \/><\/p>\n<p>Hauptabmessungen<\/p>\n<ul>\n<li>L\u00e4nge 4,15 m<\/li>\n<li>Breite 1,57 m<\/li>\n<li>Seitenh\u00f6he 0,54 m<\/li>\n<li>Tiefgang 0,15 m<\/li>\n<li>Gewicht ca. 135 kg<\/li>\n<li>Motorleistung min\/max 2\/10 kW<\/li>\n<li>Zul\u00e4ssige Belastung &#8211; 4 Personen \/ 330 kg<\/li>\n<\/ul>\n<p>Entwurfskategorie C<\/p>\n<p>Ausstattung<\/p>\n<p>inclusive Bootsriemen 2,40 m und 1 Paar Rudergabeln<\/p>\n<p>Zubeh\u00f6r<\/p>\n<ul>\n<li>Niroschienen<\/li>\n<li>Ganzpersenning<\/li>\n<li>Staukasten<\/li>\n<li>Bootsriemen 2,40 m<\/li>\n<li>Rudergabeln Alu 1 Paar<\/li>\n<li>Rudermanschetten 1 Paar<\/li>\n<li>Windschutz<\/li>\n<li>Bootsplane f\u00fcr Windschutz, achtern niedrig<\/li>\n<li>Halbkaj\u00fcte<\/li>\n<li>Plane f\u00fcr Halbkaj\u00fcte<\/li>\n<li>Steuerstand<\/li>\n<li>Steuerrad, Steuerkabel und Steuergetriebe<\/li>\n<li>Steuerkabelein- und austritt<\/li>\n<li>Trailer. komplett, Nutzlast 410 kg<\/li>\n<li>Au\u00dfenbordmotor<\/li>\n<\/ul>\n<p>Im Zuge der technischen Weiterentwicklung behalten wir uns \u00c4nderungen vor. Abbildungen und Beschreibungen begr\u00fcnden keine Anspr\u00fcche.<\/p>\n<p>\u00a0<\/p>\n<p><a href=\"http:\/\/www.bootshandel-online.de\/wp-content\/uploads\/2022\/05\/prosp.arkona.pdf\" target=\"_blank\" rel=\"noopener\">Flyer zum Ausdrucken<\/a><\/p>\n<p><a href=\"http:\/\/www.bootshandel-online.de\/wp-content\/uploads\/2022\/05\/Ang.ARKONA.pdf\" target=\"_blank\" rel=\"noopener\">Angebotsanfrage zum Ausdrucken<\/a><\/p>\n<p><a href=\"http:\/\/www.bootshandel-online.de\/?page_id=241\">Online-Angebotsanfrage<\/a><\/p>\n\n\n<p><\/p>\n","protected":false},"excerpt":{"rendered":"<div class=\"slide-text-bg2\"><span>Ruderboot ARKONA Die ARKONA-Boote wurden als Freizeitboote f\u00fcr den Gebrauch im rauen Wasser des K\u00fcstenbereiches und gro\u00dfer Binnenseen entwickelt. Abmess<\/span><\/div>\n<div class=\"slide-btn-area-sm\"><a href=\"https:\/\/www.bootshandel-online.de\/?page_id=60\" class=\"slide-btn-sm\">weiterlesen<\/a><\/div>\n","protected":false},"author":1,"featured_media":0,"parent":0,"menu_order":0,"comment_status":"closed","ping_status":"closed","template":"","meta":[],"_links":{"self":[{"href":"https:\/\/www.bootshandel-online.de\/index.php?rest_route=\/wp\/v2\/pages\/60"}],"collection":[{"href":"https:\/\/www.bootshandel-online.de\/index.php?rest_route=\/wp\/v2\/pages"}],"about":[{"href":"https:\/\/www.bootshandel-online.de\/index.php?rest_route=\/wp\/v2\/types\/page"}],"author":[{"embeddable":true,"href":"https:\/\/www.bootshandel-online.de\/index.php?rest_route=\/wp\/v2\/users\/1"}],"replies":[{"embeddable":true,"href":"https:\/\/www.bootshandel-online.de\/index.php?rest_route=%2Fwp%2Fv2%2Fcomments&post=60"}],"version-history":[{"count":11,"href":"https:\/\/www.bootshandel-online.de\/index.php?rest_route=\/wp\/v2\/pages\/60\/revisions"}],"predecessor-version":[{"id":581,"href":"https:\/\/www.bootshandel-online.de\/index.php?rest_route=\/wp\/v2\/pages\/60\/revisions\/581"}],"wp:attachment":[{"href":"https:\/\/www.bootshandel-online.de\/index.php?rest_route=%2Fwp%2Fv2%2Fmedia&parent=60"}],"curies":[{"name":"wp","href":"https:\/\/api.w.org\/{rel}","templated":true}]}}