{"id":66,"date":"2017-12-18T15:36:16","date_gmt":"2017-12-18T14:36:16","guid":{"rendered":"http:\/\/www.bootshandel-online.de\/?page_id=66"},"modified":"2022-05-30T11:17:05","modified_gmt":"2022-05-30T09:17:05","slug":"kombiboot-ruegen","status":"publish","type":"page","link":"https:\/\/www.bootshandel-online.de\/?page_id=66","title":{"rendered":"Kombiboot R\u00fcgen"},"content":{"rendered":"<p>Kombiboot R\u00dcGEN<\/p>\n<p>Konstrukteur Manfred Ernst &#8211; Berlin<\/p>\n<p>Wenn Sie mit Freunden und Familie gern auf dem Wasser sind, ist die Kombijolle das richtige Freizeitboot zum Segeln, Rudern und Motoren.<\/p>\n<p><img loading=\"lazy\" class=\"size-medium wp-image-68 aligncenter\" src=\"http:\/\/www.bootshandel-online.de\/wp-content\/uploads\/2017\/12\/kombiboot2-187x300.jpg\" alt=\"\" width=\"187\" height=\"300\" srcset=\"https:\/\/www.bootshandel-online.de\/wp-content\/uploads\/2017\/12\/kombiboot2-187x300.jpg 187w, https:\/\/www.bootshandel-online.de\/wp-content\/uploads\/2017\/12\/kombiboot2.jpg 229w\" sizes=\"(max-width: 187px) 100vw, 187px\" \/><\/p>\n<p>Bei der Entwicklung der Kombijolle wurde auf die universelle Verwendungsf\u00e4higkeit, einfache Handhabung und gro\u00dfe Sicherheit besonderer Wert gelegt. Die Form des Bootsk\u00f6rpers garantiert optimale Fahreigenschaften f\u00fcr alle Antriebsarten bei hoher Querstabilit\u00e4t.<\/p>\n<p><img loading=\"lazy\" class=\"size-medium wp-image-67 aligncenter\" src=\"http:\/\/www.bootshandel-online.de\/wp-content\/uploads\/2017\/12\/wsb_400x239_kombiboot1-300x179.jpg\" alt=\"\" width=\"300\" height=\"179\" srcset=\"https:\/\/www.bootshandel-online.de\/wp-content\/uploads\/2017\/12\/wsb_400x239_kombiboot1-300x179.jpg 300w, https:\/\/www.bootshandel-online.de\/wp-content\/uploads\/2017\/12\/wsb_400x239_kombiboot1.jpg 400w\" sizes=\"(max-width: 300px) 100vw, 300px\" \/><\/p>\n<p>Das Deck und der Cockpitboden sind selbstlenzend ausgef\u00fchrt, damit das Boot unbedenklich lange ohne Persenning stehen kann. Der gro\u00dfe Vordeck-Stauraum hat eine abschlie\u00dfbare, spritzwasserdichte Vorluke. Der Stauraum bietet Platz f\u00fcr Bekleidung, Segel und Ausr\u00fcstung.<\/p>\n<p>Hauptabmessungen<\/p>\n<ul>\n<li>L\u00e4nge 4,57 m<\/li>\n<li>Breite 1,92 m<\/li>\n<li>Freibordh\u00f6he 0.5 m<\/li>\n<li>Tiefgang mit Schwert 1,0 m<\/li>\n<li>ohne Schwert 0,15 m<\/li>\n<li>Gewicht ca. 220 kg<\/li>\n<li>Mastl\u00e4nge 6,0 m<\/li>\n<li>Gro\u00dfsegel 7,0 qm<\/li>\n<li>Focksegel 4,5 qm<\/li>\n<li>Motorisierung bis 15 PS<\/li>\n<li>Zul\u00e4ssige Belastung 5 Personen \/ 400 kg<\/li>\n<\/ul>\n<p>Entwurfskategorie C<\/p>\n<p>Das abgesenkte Deck bietet als Sitz- und Liegefl\u00e4che gute Sicherheit. Unter Deck sind ca. 300 Liter Auftriebsk\u00f6rper einlaminiert, die das Boot unsinkbar machen. Der Cockpitboden bietet gute Ablagem\u00f6glichkeiten f\u00fcr Tank, Bootsriemen u.v.m.. Au\u00dfenbordmotore sind als Langschaft oder Normalschaft verwendbar.<\/p>\n<p><img loading=\"lazy\" class=\"size-full wp-image-69 aligncenter\" src=\"http:\/\/www.bootshandel-online.de\/wp-content\/uploads\/2017\/12\/kombiboot3.jpg\" alt=\"\" width=\"247\" height=\"164\" \/><\/p>\n<p>Zus\u00e4tzliche Ausstattung<\/p>\n<ul>\n<li>Bugreling<\/li>\n<li>Wohnpersenning mit Klarsichtfenster \u00fcber Bugreling<\/li>\n<li>Persenning ohne Fenster ohne Reling<\/li>\n<li>Persenning ohne Fenster f\u00fcr Reling<\/li>\n<li>Gro\u00dfbaumst\u00fctze<\/li>\n<li>Badeleiter, abnehmbar<\/li>\n<li>Bootsriemen 2,70 m, Rudermanschetten und Rudergabeln<\/li>\n<li>Trailer komplett, Nutzlast 495 kg<\/li>\n<li>Au\u00dfenbordmotor<\/li>\n<\/ul>\n<p><img loading=\"lazy\" class=\"size-full wp-image-70 aligncenter\" src=\"http:\/\/www.bootshandel-online.de\/wp-content\/uploads\/2017\/12\/kombiboot4.jpg\" alt=\"\" width=\"249\" height=\"165\" \/><\/p>\n<p>Im Zuge der technischen Weiterentwicklung behalten wir uns \u00c4nderungen vor. Abbildungen und Beschreibungen begr\u00fcnden keine Anspr\u00fcche.<\/p>\n<p>\u00a0<\/p>\n<p><a href=\"http:\/\/www.bootshandel-online.de\/wp-content\/uploads\/2022\/05\/prosp.kombi_ruegen.pdf\" target=\"_blank\" rel=\"noopener\">Flyer zum Ausdrucken<\/a><\/p>\n<p><a href=\"http:\/\/www.bootshandel-online.de\/wp-content\/uploads\/2022\/05\/Ang.KombibootRUEGEN.pdf\" target=\"_blank\" rel=\"noopener\">Angebotsanfrage zum Ausdrucken<\/a><\/p>\n<p><a href=\"http:\/\/www.bootshandel-online.de\/?page_id=247\">Online-Angebotsanfrage<\/a><\/p>\n\n\n<p><\/p>\n","protected":false},"excerpt":{"rendered":"<div class=\"slide-text-bg2\"><span>Kombiboot R\u00dcGEN Konstrukteur Manfred Ernst &#8211; Berlin Wenn Sie mit Freunden und Familie gern auf dem Wasser sind, ist die Kombijolle das richtige Frei<\/span><\/div>\n<div class=\"slide-btn-area-sm\"><a href=\"https:\/\/www.bootshandel-online.de\/?page_id=66\" class=\"slide-btn-sm\">weiterlesen<\/a><\/div>\n","protected":false},"author":1,"featured_media":0,"parent":0,"menu_order":0,"comment_status":"closed","ping_status":"closed","template":"","meta":[],"_links":{"self":[{"href":"https:\/\/www.bootshandel-online.de\/index.php?rest_route=\/wp\/v2\/pages\/66"}],"collection":[{"href":"https:\/\/www.bootshandel-online.de\/index.php?rest_route=\/wp\/v2\/pages"}],"about":[{"href":"https:\/\/www.bootshandel-online.de\/index.php?rest_route=\/wp\/v2\/types\/page"}],"author":[{"embeddable":true,"href":"https:\/\/www.bootshandel-online.de\/index.php?rest_route=\/wp\/v2\/users\/1"}],"replies":[{"embeddable":true,"href":"https:\/\/www.bootshandel-online.de\/index.php?rest_route=%2Fwp%2Fv2%2Fcomments&post=66"}],"version-history":[{"count":28,"href":"https:\/\/www.bootshandel-online.de\/index.php?rest_route=\/wp\/v2\/pages\/66\/revisions"}],"predecessor-version":[{"id":599,"href":"https:\/\/www.bootshandel-online.de\/index.php?rest_route=\/wp\/v2\/pages\/66\/revisions\/599"}],"wp:attachment":[{"href":"https:\/\/www.bootshandel-online.de\/index.php?rest_route=%2Fwp%2Fv2%2Fmedia&parent=66"}],"curies":[{"name":"wp","href":"https:\/\/api.w.org\/{rel}","templated":true}]}}