{"id":80,"date":"2017-12-18T15:48:55","date_gmt":"2017-12-18T14:48:55","guid":{"rendered":"http:\/\/www.bootshandel-online.de\/?page_id=80"},"modified":"2022-05-30T17:22:27","modified_gmt":"2022-05-30T15:22:27","slug":"ruegenjolle","status":"publish","type":"page","link":"https:\/\/www.bootshandel-online.de\/?page_id=80","title":{"rendered":"Kaj\u00fct-R\u00dcGENJOLLE"},"content":{"rendered":"<p>Kaj\u00fct-R\u00dcGENJOLLE<\/p>\n<p>Design by formbund, Konstruktion Georg Nissen<\/p>\n<p><img loading=\"lazy\" class=\"size-full wp-image-81 aligncenter\" src=\"http:\/\/www.bootshandel-online.de\/wp-content\/uploads\/2017\/12\/wsb_201x77_designpreis.jpg\" alt=\"\" width=\"201\" height=\"77\" \/><\/p>\n<p>Die Kaj\u00fct-R\u00dcGENJOLLE wurde 1994 bis 1995 von dem renomierten Yachtkonstrukteur Georg Nissen gezeichnet und in Zusammenarbeit mit dem formbund Design Atelier gestaltet. Sie wurde erprobt in den K\u00fcstengew\u00e4ssern der Insel R\u00dcGEN, einem der sch\u00f6nsten Segelreviere der Ostsee. Sie l\u00e4uft hoch am Wind, segelt trocken, ist wendig und steif.<\/p>\n<p><img loading=\"lazy\" class=\"size-medium wp-image-83 aligncenter\" src=\"http:\/\/www.bootshandel-online.de\/wp-content\/uploads\/2017\/12\/ruegenjolle2-300x200.jpg\" alt=\"\" width=\"300\" height=\"200\" srcset=\"https:\/\/www.bootshandel-online.de\/wp-content\/uploads\/2017\/12\/ruegenjolle2-300x200.jpg 300w, https:\/\/www.bootshandel-online.de\/wp-content\/uploads\/2017\/12\/ruegenjolle2.jpg 331w\" sizes=\"(max-width: 300px) 100vw, 300px\" \/><\/p>\n<p>Sie ist ein sicher segelndes, bequemes Kaj\u00fctboot, das alle W\u00fcnsche und Anforderungen einer Jolle gut und zuverl\u00e4ssig erf\u00fcllt.<\/p>\n<p>Rumpf<\/p>\n<p>Rumpf aus Polyester im Handauflegeverfahren. Die neu entwickelte Rumpfform ist Garantie f\u00fcr beste Segeleigenschaften und hohe Querstabilit\u00e4t. Zwischen den Bootsschalen sind ca. 400 Liter Auftriebsvolumen einlaminiert, die das Boot unsinkbar machen.<\/p>\n<p><img loading=\"lazy\" class=\"size-medium wp-image-49 aligncenter\" src=\"http:\/\/www.bootshandel-online.de\/wp-content\/uploads\/2017\/12\/wsb_400x267_ruegenjolle1-300x200.jpg\" alt=\"\" width=\"300\" height=\"200\" \/><\/p>\n<p>Rigg<\/p>\n<p>7\/8 Alu-Rigg mit hochwertigen Beschl\u00e4gen, Gro\u00dfbaumniederhalter, integrierte Fockleitschienen, Fockschotwinschen mit Curryklemme, Reffleine f\u00fcr Gro\u00dfsegel<\/p>\n<p>Deck<\/p>\n<p>Polyester mit rutschfester Oberfl\u00e4che. Integrierter Vordeckstauraum f\u00fcr Segel und Zubeh\u00f6r. L\u00fcftung im Vorschiff<\/p>\n<p>Plicht<\/p>\n<p>Gro\u00dfz\u00fcgig bemessen und gestaltet f\u00fcr bis zu 5 Personen, selbstlenzend in jeder Lage, integriertes Schwertfall, bequeme Sitzb\u00e4nke mit Stauraum f\u00fcr Motor, Zubeh\u00f6r und Ausr\u00fcstung.<\/p>\n<p>Kaj\u00fcte<\/p>\n<p>aush\u00e4ngbarer Lukendeckel, herausnehmbare gro\u00dffl\u00e4chige Schaumstoffauflagen f\u00fcr 2 Kojen \u00fcber kleinen Staur\u00e4umen, Kaj\u00fcth\u00f6he ca. 107 cm, Sitzh\u00f6he ca. 86 cm, Tisch ca. 60&#215;45 cm, 2-teiliges Steckschot, 2 Schwalbennester, unter der Backbordsitzbank schiebbare und gestaute Pantrywanne f\u00fcr Kocher zur gesch\u00fctzten Nutzung in der Kaj\u00fcte m\u00f6glich.<\/p>\n<p><img loading=\"lazy\" class=\"size-full wp-image-84 aligncenter\" src=\"http:\/\/www.bootshandel-online.de\/wp-content\/uploads\/2017\/12\/ruegenjolle3.jpg\" alt=\"\" width=\"244\" height=\"164\" \/><\/p>\n<p>Besegelung<\/p>\n<p>Gro\u00dfsegel (8,5 qm) und Focksegel (5,7 qm), Fock mit Fockroller und Drehwirbel Standartausstattung.<\/p>\n<p>Spinnakerausr\u00fcstung m\u00f6glich (21,20 qm)<\/p>\n<p>Hauptabmessungen<\/p>\n<ul>\n<li>L\u00e4nge 5,10 m<\/li>\n<li>Breite 2,06 m<\/li>\n<li>Tiefgang mit Schwert 1,18 m<\/li>\n<li>ohne Schwert 0,18 m<\/li>\n<li>Gewicht ca. 330 kg<\/li>\n<li>Masth\u00f6he \u00fcber Wasser 7,75 m<\/li>\n<\/ul>\n<p>Zusatzausstattung<\/p>\n<ul>\n<li>Sturmfock 2.25 qm<\/li>\n<li>Spinnaker 21,2 qm<\/li>\n<li>Polstersatz 6-teilig<\/li>\n<li>Plichtpolster<\/li>\n<li>Stautaschen, 2 St\u00fcck<\/li>\n<li>Kaj\u00fcttisch, abnehmbar<\/li>\n<li>Stechpaddel<\/li>\n<li>Badeleiter (2 oder 3-stufig)<\/li>\n<li>Au\u00dfenbordmotorhalterung<\/li>\n<li>Einflammkocher mit Einbau<\/li>\n<li>Plichtpersenning<\/li>\n<li>Bugkorb<\/li>\n<li>Gro\u00dfbaumst\u00fctze<\/li>\n<li>Relingst\u00fctzen mit Draht und Gurtband<\/li>\n<li>Teakholzscheuerleiste<\/li>\n<li>Mastauflage<\/li>\n<li>Heckreling<\/li>\n<li>Achterstag mit P\u00fctting oder an Heckreling<\/li>\n<li>Trailer komplett, Nutzlast 540 kg, ungebremst oder Trailer komplett, Nutzlast 740 kg, gebremst<\/li>\n<li>Au\u00dfenbordmotor<\/li>\n<\/ul>\n<p><img loading=\"lazy\" class=\"size-medium wp-image-85 aligncenter\" src=\"http:\/\/www.bootshandel-online.de\/wp-content\/uploads\/2017\/12\/webbootsh02-300x200.jpg\" alt=\"\" width=\"300\" height=\"200\" \/><\/p>\n<p>Im Zuge der technischen Weiterentwicklung behalten wir uns \u00c4nderungen vor. Abbildungen und Beschreibungen begr\u00fcnden keine Anspr\u00fcche.<\/p>\n<p><a href=\"http:\/\/www.bootshandel-online.de\/wp-content\/uploads\/2022\/05\/prosp.ruegenjolle.pdf\" target=\"_blank\" rel=\"noopener\">Flyer zum Ausdrucken<\/a><\/p>\n<p><a href=\"http:\/\/www.bootshandel-online.de\/wp-content\/uploads\/2022\/05\/Ang.Kajuet-Ruegenjolle.pdf\" target=\"_blank\" rel=\"noopener\">Angebotsanfrage zum Ausdrucken<\/a><\/p>\n<p><a href=\"http:\/\/www.bootshandel-online.de\/?page_id=252\">Online-Angebotsanfrage<\/a><\/p>\n","protected":false},"excerpt":{"rendered":"<div class=\"slide-text-bg2\"><span>Kaj\u00fct-R\u00dcGENJOLLE Design by formbund, Konstruktion Georg Nissen Die Kaj\u00fct-R\u00dcGENJOLLE wurde 1994 bis 1995 von dem renomierten Yachtkonstrukteur Georg Nis<\/span><\/div>\n<div class=\"slide-btn-area-sm\"><a href=\"https:\/\/www.bootshandel-online.de\/?page_id=80\" class=\"slide-btn-sm\">weiterlesen<\/a><\/div>\n","protected":false},"author":1,"featured_media":0,"parent":0,"menu_order":0,"comment_status":"closed","ping_status":"closed","template":"","meta":[],"_links":{"self":[{"href":"https:\/\/www.bootshandel-online.de\/index.php?rest_route=\/wp\/v2\/pages\/80"}],"collection":[{"href":"https:\/\/www.bootshandel-online.de\/index.php?rest_route=\/wp\/v2\/pages"}],"about":[{"href":"https:\/\/www.bootshandel-online.de\/index.php?rest_route=\/wp\/v2\/types\/page"}],"author":[{"embeddable":true,"href":"https:\/\/www.bootshandel-online.de\/index.php?rest_route=\/wp\/v2\/users\/1"}],"replies":[{"embeddable":true,"href":"https:\/\/www.bootshandel-online.de\/index.php?rest_route=%2Fwp%2Fv2%2Fcomments&post=80"}],"version-history":[{"count":18,"href":"https:\/\/www.bootshandel-online.de\/index.php?rest_route=\/wp\/v2\/pages\/80\/revisions"}],"predecessor-version":[{"id":610,"href":"https:\/\/www.bootshandel-online.de\/index.php?rest_route=\/wp\/v2\/pages\/80\/revisions\/610"}],"wp:attachment":[{"href":"https:\/\/www.bootshandel-online.de\/index.php?rest_route=%2Fwp%2Fv2%2Fmedia&parent=80"}],"curies":[{"name":"wp","href":"https:\/\/api.w.org\/{rel}","templated":true}]}}