{"id":89,"date":"2017-12-18T15:52:07","date_gmt":"2017-12-18T14:52:07","guid":{"rendered":"http:\/\/www.bootshandel-online.de\/?page_id=89"},"modified":"2022-05-30T11:51:47","modified_gmt":"2022-05-30T09:51:47","slug":"ruder-motor-boot-von-wiek","status":"publish","type":"page","link":"https:\/\/www.bootshandel-online.de\/?page_id=89","title":{"rendered":"Ruder-Motor-Boot-von-Wiek"},"content":{"rendered":"<p>Ruder-Motor-Boot Von Wiek<\/p>\n<p>Das Von Wiek Boot ist sehr variabel einsetzbar. Seine spezielle Au\u00dfenform ist den rauen Bedingungen der K\u00fcste angepasst. Das im Handauflegeverfahren hergestellte Boot gibt die geforderte Festigkeit. Entsprechende Auftriebsk\u00f6rper machen das Boot unsinkbar.<\/p>\n<p><img loading=\"lazy\" class=\"size-medium wp-image-93 aligncenter\" src=\"http:\/\/www.bootshandel-online.de\/wp-content\/uploads\/2017\/12\/wsb_396x275_vonwiek2-300x208.jpg\" alt=\"\" width=\"300\" height=\"208\" srcset=\"https:\/\/www.bootshandel-online.de\/wp-content\/uploads\/2017\/12\/wsb_396x275_vonwiek2-300x208.jpg 300w, https:\/\/www.bootshandel-online.de\/wp-content\/uploads\/2017\/12\/wsb_396x275_vonwiek2.jpg 396w\" sizes=\"(max-width: 300px) 100vw, 300px\" \/><\/p>\n<p>Die sehr guten Eigenschaften der Tragf\u00e4higkeit und die Seitenstabilit\u00e4t mit einem hohen Freibord zeichnen dieses Boot aus. Eine abnehmbare Sitzbank vergr\u00f6\u00dfert den Innenraum. Die Achterbank hat einen geteilten Stauraum f\u00fcr Tank und Batterie. Der vordere Stauraum ist mit einer spritzwasserdichten Luke versehen. Abgesenkte Rudergabelbuchsen ergeben eine glatte Oberfl\u00e4che. Die Innen-L\u00e4ngsverst\u00e4rkungen habe eine gute Ablagefl\u00e4che. Die Spiegelh\u00f6he entspricht der Benutzung von Langschaftau\u00dfenbordmotoren.<\/p>\n<p><img loading=\"lazy\" class=\"size-medium wp-image-95 aligncenter\" src=\"http:\/\/www.bootshandel-online.de\/wp-content\/uploads\/2017\/12\/wsb_400x275_vonwiek1-300x206.jpg\" alt=\"\" width=\"300\" height=\"206\" srcset=\"https:\/\/www.bootshandel-online.de\/wp-content\/uploads\/2017\/12\/wsb_400x275_vonwiek1-300x206.jpg 300w, https:\/\/www.bootshandel-online.de\/wp-content\/uploads\/2017\/12\/wsb_400x275_vonwiek1.jpg 400w\" sizes=\"(max-width: 300px) 100vw, 300px\" \/><\/p>\n<p>Hauptabmessungen<\/p>\n<ul>\n<li>L\u00e4nge 4,45 m<\/li>\n<li>Breite 1,75 m<\/li>\n<li>Tiefgang 0,24 m<\/li>\n<li>Gewicht ca. 220 kg<\/li>\n<\/ul>\n<p>Entwurfskategorie C<\/p>\n<ul>\n<li>Zul\u00e4ssige Gesamtgewicht maximal 630 kg<\/li>\n<li>Maximale Zuladung 340 kg<\/li>\n<li>Motorisierung maximal 14,7 kW<\/li>\n<li>Maximale Personenzahl &#8211; 4 Personen<\/li>\n<\/ul>\n<p>Entwurfskategorie D<\/p>\n<ul>\n<li>Zul\u00e4ssige Gesamtgewicht maximal 720 kg<\/li>\n<li>Maximale Zuladung 425 kg<\/li>\n<li>Motorisierung maximal 14,7 kW<\/li>\n<li>Maximale Personenzahl &#8211; 5 Personen<\/li>\n<\/ul>\n<p><img loading=\"lazy\" class=\"size-medium wp-image-94 aligncenter\" src=\"http:\/\/www.bootshandel-online.de\/wp-content\/uploads\/2017\/12\/wsb_400x219_vonwiek3-300x164.jpg\" alt=\"\" width=\"300\" height=\"164\" srcset=\"https:\/\/www.bootshandel-online.de\/wp-content\/uploads\/2017\/12\/wsb_400x219_vonwiek3-300x164.jpg 300w, https:\/\/www.bootshandel-online.de\/wp-content\/uploads\/2017\/12\/wsb_400x219_vonwiek3.jpg 400w\" sizes=\"(max-width: 300px) 100vw, 300px\" \/><\/p>\n<p>Ausstattung<\/p>\n<p>Bootsriemen 2,70 m mit Rugergabeln<\/p>\n<p>Zubeh\u00f6r<\/p>\n<ul>\n<li>Bootsriemen 2,70 m<\/li>\n<li>Rudergabeln<\/li>\n<li>Rudermanschetten<\/li>\n<li>Trailer komplett, Nutzlast 495 kg, ungebremst<\/li>\n<li>Au\u00dfenbordmotor<\/li>\n<\/ul>\n<p><img loading=\"lazy\" class=\"size-medium wp-image-92 aligncenter\" src=\"http:\/\/www.bootshandel-online.de\/wp-content\/uploads\/2017\/12\/wsb_300x415_vonwiek4-217x300.jpg\" alt=\"\" width=\"217\" height=\"300\" srcset=\"https:\/\/www.bootshandel-online.de\/wp-content\/uploads\/2017\/12\/wsb_300x415_vonwiek4-217x300.jpg 217w, https:\/\/www.bootshandel-online.de\/wp-content\/uploads\/2017\/12\/wsb_300x415_vonwiek4.jpg 300w\" sizes=\"(max-width: 217px) 100vw, 217px\" \/><\/p>\n<p>Im Zuge der technischen Weiterentwicklung behalten wir uns \u00c4nderungen vor. Abbildungen und Beschreibungen begr\u00fcnden keine Anspr\u00fcche.<\/p>\n<p><a href=\"http:\/\/www.bootshandel-online.de\/wp-content\/uploads\/2022\/05\/prosp.von-wiek.pdf\" target=\"_blank\" rel=\"noopener\">Flyer zum Ausdrucken<\/a><\/p>\n<p><a href=\"http:\/\/www.bootshandel-online.de\/wp-content\/uploads\/2022\/05\/Ang.RuderbootVonWiek.pdf\" target=\"_blank\" rel=\"noopener\">Angebotsanfrage zum Ausdrucken<\/a><\/p>\n<p><a href=\"http:\/\/www.bootshandel-online.de\/?page_id=256\">Online-Angebotsanfrage<\/a><\/p>\n","protected":false},"excerpt":{"rendered":"<div class=\"slide-text-bg2\"><span>Ruder-Motor-Boot Von Wiek Das Von Wiek Boot ist sehr variabel einsetzbar. Seine spezielle Au\u00dfenform ist den rauen Bedingungen der K\u00fcste angepasst. Das im<\/span><\/div>\n<div class=\"slide-btn-area-sm\"><a href=\"https:\/\/www.bootshandel-online.de\/?page_id=89\" class=\"slide-btn-sm\">weiterlesen<\/a><\/div>\n","protected":false},"author":1,"featured_media":0,"parent":0,"menu_order":0,"comment_status":"closed","ping_status":"closed","template":"","meta":[],"_links":{"self":[{"href":"https:\/\/www.bootshandel-online.de\/index.php?rest_route=\/wp\/v2\/pages\/89"}],"collection":[{"href":"https:\/\/www.bootshandel-online.de\/index.php?rest_route=\/wp\/v2\/pages"}],"about":[{"href":"https:\/\/www.bootshandel-online.de\/index.php?rest_route=\/wp\/v2\/types\/page"}],"author":[{"embeddable":true,"href":"https:\/\/www.bootshandel-online.de\/index.php?rest_route=\/wp\/v2\/users\/1"}],"replies":[{"embeddable":true,"href":"https:\/\/www.bootshandel-online.de\/index.php?rest_route=%2Fwp%2Fv2%2Fcomments&post=89"}],"version-history":[{"count":22,"href":"https:\/\/www.bootshandel-online.de\/index.php?rest_route=\/wp\/v2\/pages\/89\/revisions"}],"predecessor-version":[{"id":595,"href":"https:\/\/www.bootshandel-online.de\/index.php?rest_route=\/wp\/v2\/pages\/89\/revisions\/595"}],"wp:attachment":[{"href":"https:\/\/www.bootshandel-online.de\/index.php?rest_route=%2Fwp%2Fv2%2Fmedia&parent=89"}],"curies":[{"name":"wp","href":"https:\/\/api.w.org\/{rel}","templated":true}]}}