{"id":97,"date":"2017-12-18T16:01:56","date_gmt":"2017-12-18T15:01:56","guid":{"rendered":"http:\/\/www.bootshandel-online.de\/?page_id=97"},"modified":"2022-05-30T11:31:46","modified_gmt":"2022-05-30T09:31:46","slug":"wittow-440","status":"publish","type":"page","link":"https:\/\/www.bootshandel-online.de\/?page_id=97","title":{"rendered":"Wittow 440"},"content":{"rendered":"<p>Motorboot WITTOW 440<\/p>\n<p style=\"text-align: left;\">F\u00fcr den vielf\u00e4ltigen Einsatz auf Binnenseen, Boddengew\u00e4ssern oder an der K\u00fcste.<\/p>\n<p style=\"text-align: left;\"><img loading=\"lazy\" class=\"size-medium wp-image-98 aligncenter\" src=\"http:\/\/www.bootshandel-online.de\/wp-content\/uploads\/2017\/12\/wsb_397x262_wittow4402-300x198.jpg\" alt=\"\" width=\"300\" height=\"198\" srcset=\"https:\/\/www.bootshandel-online.de\/wp-content\/uploads\/2017\/12\/wsb_397x262_wittow4402-300x198.jpg 300w, https:\/\/www.bootshandel-online.de\/wp-content\/uploads\/2017\/12\/wsb_397x262_wittow4402.jpg 397w\" sizes=\"(max-width: 300px) 100vw, 300px\" \/><\/p>\n<p style=\"text-align: left;\">Die WITTOW 440 &#8211; ein offenes Motorboot mit Au\u00dfenbordmotorisierung &#8211; ist das kleinste Modell der bew\u00e4hrten WITTOW-Baureihe f\u00fcr die k\u00fcstennahen Gew\u00e4sser und Kategorie C. Es ist ger\u00e4umig, vielseitig einsetzbar und durch seine spezielle Form besonders kursstabil. Der Rumpf ist im Handauflegeverfahren laminiert, was ihm eine hohe Festigkeit verleiht.<\/p>\n<p style=\"text-align: left;\"><img loading=\"lazy\" class=\"size-medium wp-image-99 aligncenter\" src=\"http:\/\/www.bootshandel-online.de\/wp-content\/uploads\/2017\/12\/wsb_400x262_wittow4401-300x197.jpg\" alt=\"\" width=\"300\" height=\"197\" srcset=\"https:\/\/www.bootshandel-online.de\/wp-content\/uploads\/2017\/12\/wsb_400x262_wittow4401-300x197.jpg 300w, https:\/\/www.bootshandel-online.de\/wp-content\/uploads\/2017\/12\/wsb_400x262_wittow4401.jpg 400w\" sizes=\"(max-width: 300px) 100vw, 300px\" \/><\/p>\n<p style=\"text-align: left;\">Hauptabmessungen<\/p>\n<ul>\n<li style=\"text-align: left;\">L\u00e4nge 4,37 m<\/li>\n<li style=\"text-align: left;\">Breite 1,83 m<\/li>\n<li style=\"text-align: left;\">Leermasse ca. 280 kg<\/li>\n<li style=\"text-align: left;\">Seitenh\u00f6he 0,71 m<\/li>\n<li style=\"text-align: left;\">Tiefgang Rumpf 0,26 m<\/li>\n<li style=\"text-align: left;\">maximale Tragf\u00e4higkeit 600 kg<\/li>\n<li style=\"text-align: left;\">Maximale Personenzahl &#8211; 5 Personen<\/li>\n<li style=\"text-align: left;\">Maximale Motorisierung 23 kW<\/li>\n<\/ul>\n<p style=\"text-align: left;\">Entwurfskategorie C<\/p>\n<p>Durch verschiedene zus\u00e4tzliche Einbauten lassen sich viele W\u00fcnsche erf\u00fcllen, so z.Bsp. mit Staukasten, Windschutzscheibe, festem Steuerstand oder Griffreling.<\/p>\n<p style=\"text-align: left;\">Zusatzausstattung<\/p>\n<ul style=\"text-align: left;\">\n<li>Steuerstand mit Steuerrad und Steuerkabel<\/li>\n<li>Windschutz, Nirorahmen f\u00fcr Steuerstand<\/li>\n<li>Beleuchtungssatz komplett (wei\u00df rundum und Zweifarbenlaterne, abnehmbar)<\/li>\n<li>Sitzkisten und Sitze mit klappbaren Lehnen<\/li>\n<li>Hafenplane<\/li>\n<li>Au\u00dfenbordmotor<\/li>\n<\/ul>\n<p><img loading=\"lazy\" class=\"size-medium wp-image-100 aligncenter\" src=\"http:\/\/www.bootshandel-online.de\/wp-content\/uploads\/2017\/12\/wsb_400x274_wittow4403-300x206.jpg\" alt=\"\" width=\"300\" height=\"206\" srcset=\"https:\/\/www.bootshandel-online.de\/wp-content\/uploads\/2017\/12\/wsb_400x274_wittow4403-300x206.jpg 300w, https:\/\/www.bootshandel-online.de\/wp-content\/uploads\/2017\/12\/wsb_400x274_wittow4403.jpg 400w\" sizes=\"(max-width: 300px) 100vw, 300px\" \/><\/p>\n<p>Im Zuge der technischen Weiterentwicklung behalten wir uns \u00c4nderungen vor. Abbildungen und Beschreibungen begr\u00fcnden keine Anspr\u00fcche.<\/p>\n<p><a href=\"http:\/\/www.bootshandel-online.de\/wp-content\/uploads\/2022\/05\/prosp.wittow440.pdf\" target=\"_blank\" rel=\"noopener\">Flyer zum Ausdrucken<\/a><\/p>\n<p><a href=\"http:\/\/www.bootshandel-online.de\/wp-content\/uploads\/2022\/05\/Ang.Wittow440.pdf\" target=\"_blank\" rel=\"noopener\">Angebotsanfrage zum Ausdrucken<\/a><\/p>\n<p><a href=\"http:\/\/www.bootshandel-online.de\/?page_id=260\">Online-Angebotsanfrage<\/a><\/p>\n","protected":false},"excerpt":{"rendered":"<div class=\"slide-text-bg2\"><span>Motorboot WITTOW 440 F\u00fcr den vielf\u00e4ltigen Einsatz auf Binnenseen, Boddengew\u00e4ssern oder an der K\u00fcste. Die WITTOW 440 &#8211; ein offenes Motorboot mit A<\/span><\/div>\n<div class=\"slide-btn-area-sm\"><a href=\"https:\/\/www.bootshandel-online.de\/?page_id=97\" class=\"slide-btn-sm\">weiterlesen<\/a><\/div>\n","protected":false},"author":1,"featured_media":0,"parent":0,"menu_order":0,"comment_status":"closed","ping_status":"closed","template":"","meta":[],"_links":{"self":[{"href":"https:\/\/www.bootshandel-online.de\/index.php?rest_route=\/wp\/v2\/pages\/97"}],"collection":[{"href":"https:\/\/www.bootshandel-online.de\/index.php?rest_route=\/wp\/v2\/pages"}],"about":[{"href":"https:\/\/www.bootshandel-online.de\/index.php?rest_route=\/wp\/v2\/types\/page"}],"author":[{"embeddable":true,"href":"https:\/\/www.bootshandel-online.de\/index.php?rest_route=\/wp\/v2\/users\/1"}],"replies":[{"embeddable":true,"href":"https:\/\/www.bootshandel-online.de\/index.php?rest_route=%2Fwp%2Fv2%2Fcomments&post=97"}],"version-history":[{"count":16,"href":"https:\/\/www.bootshandel-online.de\/index.php?rest_route=\/wp\/v2\/pages\/97\/revisions"}],"predecessor-version":[{"id":586,"href":"https:\/\/www.bootshandel-online.de\/index.php?rest_route=\/wp\/v2\/pages\/97\/revisions\/586"}],"wp:attachment":[{"href":"https:\/\/www.bootshandel-online.de\/index.php?rest_route=%2Fwp%2Fv2%2Fmedia&parent=97"}],"curies":[{"name":"wp","href":"https:\/\/api.w.org\/{rel}","templated":true}]}}